{"id":19,"date":"2016-11-03T15:19:14","date_gmt":"2016-11-03T15:19:14","guid":{"rendered":"http:\/\/translogic.dv.themerex.net\/?page_id=19"},"modified":"2020-09-08T21:37:23","modified_gmt":"2020-09-08T18:37:23","slug":"hakkimizda","status":"publish","type":"page","link":"https:\/\/bghlojistik.com\/en\/hakkimizda\/","title":{"rendered":"About Us"},"content":{"rendered":"<div data-vc-full-width=\"true\" data-vc-full-width-init=\"false\" class=\"vc_row wpb_row vc_row-fluid vc_custom_1478525086569 vc_row-has-fill\"><div class=\"wpb_column vc_column_container vc_col-sm-12 sc_layouts_column_icons_position_left\"><div class=\"vc_column-inner\"><div class=\"wpb_wrapper\"><div class=\"vc_empty_space\"   style=\"height: 6.6em\"><span class=\"vc_empty_space_inner\"><\/span><\/div><div  id=\"sc_promo_431376539\" \n\tclass=\"sc_promo sc_promo_default sc_promo_size_small sc_promo_image_position_right\"><div class=\"sc_promo_image\" style=\"background-image:url(https:\/\/bghlojistik.com\/wp-content\/uploads\/2020\/08\/bgh-lojistik-isometric.png);width:50%;right: 0;\"><\/div><div class=\"sc_promo_text\" style=\"width: 50%;float: left;\">\n\t\t\t<div class=\"sc_promo_text_inner\" style=\"\"><h6 class=\"sc_item_subtitle sc_promo_subtitle sc_align_default sc_item_title_style_default\">About Us<\/h6><h2 class=\"sc_item_title sc_promo_title sc_align_default sc_item_title_style_default\">BGH Logistics<\/h2><div class=\"sc_item_descr sc_promo_descr sc_align_default\"><strong>BGH Logistics, founded in 2008,provides top-class international sea,air and road freight including express minivan and heavy loading, domestic distribution,warehousing as well as individual customer oriented projects.<\/strong><\/p>\n<ul>\n<li>Quality Service<\/li>\n<li>Professional Team<\/li>\n<li>Door to Door Service<\/li>\n<li>Flexible Logistics Operations<\/li>\n<\/ul>\n<p><\/div>\t\t\t\t\t\t<div class=\"sc_promo_button sc_align_default sc_button_wrap\">\n\t\t\t\t\t\t\t<a class=\"sc_promo_link2\" href=\"#\"><span>Corporate Presentation<\/span><\/a>\n\t\t\t\t\t\t<\/div><\/div>\n\t\t<\/div><!-- \/.sc_promo_text --><\/div><!-- \/.sc_promo --><div class=\"vc_empty_space\"   style=\"height: 2em\"><span class=\"vc_empty_space_inner\"><\/span><\/div><\/div><\/div><\/div><\/div><div class=\"vc_row-full-width vc_clearfix\"><\/div><div data-vc-full-width=\"true\" data-vc-full-width-init=\"false\" data-vc-stretch-content=\"true\" class=\"vc_row wpb_row vc_row-fluid vc_custom_1598393055543 vc_row-has-fill vc_row-o-equal-height vc_row-flex\"><div class=\"wpb_column vc_column_container vc_col-sm-6 vc_col-lg-6 vc_col-md-6 sc_layouts_column_icons_position_left\"><div class=\"vc_column-inner\"><div class=\"wpb_wrapper\"><\/div><\/div><\/div><div class=\"wpb_column vc_column_container vc_col-sm-6 vc_col-lg-6 vc_col-md-6 vc_col-has-fill sc_layouts_column_icons_position_left\"><div class=\"vc_column-inner vc_custom_1598393619978\"><div class=\"wpb_wrapper\"><div class=\"vc_empty_space\"   style=\"height: 11em\"><span class=\"vc_empty_space_inner\"><\/span><\/div><div id=\"sc_content_1545755116\"\n\t\tclass=\"sc_content sc_content_default\"><h2 class=\"sc_item_title sc_content_title sc_align_default sc_item_title_style_default\">OUR VALUES<\/h2><div class=\"sc_content_container\"><div class=\"vc_empty_space\"   style=\"height: 3em\"><span class=\"vc_empty_space_inner\"><\/span><\/div><\/div><\/div><!-- \/.sc_content -->\n\t<div class=\"wpb_text_column wpb_content_element\" >\n\t\t<div class=\"wpb_wrapper\">\n\t\t\t<p><strong>Customer Orientation<\/strong>; Our aim is to determine and match the short &amp; long term customer requirements based on win-win philosophy<\/p>\n<p><strong>Employee Satisfaction<\/strong>; We take our employees expectations into consideration based on social rights and provide them respectful and joyful working area.<\/p>\n<p><strong>Team Spirit<\/strong>; Solve problems together and share achievements<\/p>\n<p><strong>Respect to Environment and Society<\/strong>; All our logistics processes take care about the environment and society<\/p>\n<p><strong>Reliability<\/strong>; Fulfilling our commitments to customers based on our ethic rules<\/p>\n<p><strong>Improved Partnerships<\/strong>; We aim to create sustainable businesses with the suppliers, agencies and non-governmental organizations in order to have long-term win-win strategies<\/p>\n<p><strong>Responsiveness<\/strong>; We fully support our customers by providing our experience and business knowledge<strong>\u00a0\u00a0\u00a0\u00a0\u00a0\u00a0\u00a0\u00a0 <\/strong><\/p>\n\n\t\t<\/div>\n\t<\/div>\n<div class=\"vc_empty_space\"   style=\"height: 11.9em\"><span class=\"vc_empty_space_inner\"><\/span><\/div><\/div><\/div><\/div><\/div><div class=\"vc_row-full-width vc_clearfix\"><\/div><div data-vc-full-width=\"true\" data-vc-full-width-init=\"false\" data-vc-stretch-content=\"true\" class=\"vc_row wpb_row vc_row-fluid\"><div class=\"wpb_column vc_column_container vc_col-sm-12 sc_layouts_column_icons_position_left\"><div class=\"vc_column-inner\"><div class=\"wpb_wrapper\"><div class=\"vc_row wpb_row vc_inner vc_row-fluid\"><div class=\"wpb_column vc_column_container vc_col-sm-6 vc_col-has-fill sc_layouts_column_icons_position_left\"><div class=\"vc_column-inner vc_custom_1598390252794\"><div class=\"wpb_wrapper\"><div class=\"vc_empty_space\"   style=\"height: 6em\"><span class=\"vc_empty_space_inner\"><\/span><\/div>\n\t<div class=\"wpb_text_column wpb_content_element  vc_custom_1598393543562\" >\n\t\t<div class=\"wpb_wrapper\">\n\t\t\t<h4><strong><span style=\"color: #ffffff;\">Our Mission<\/span><\/strong><\/h4>\n<p><span style=\"color: #ffffff;\">We provide our customers top-class service with the most suaitable and quickest way based on innovative,competitive and sustainable solutions.<\/span><\/p>\n\n\t\t<\/div>\n\t<\/div>\n<div class=\"vc_empty_space\"   style=\"height: 6em\"><span class=\"vc_empty_space_inner\"><\/span><\/div><\/div><\/div><\/div><div class=\"wpb_column vc_column_container vc_col-sm-6 vc_col-has-fill sc_layouts_column_icons_position_left\"><div class=\"vc_column-inner vc_custom_1598390305512\"><div class=\"wpb_wrapper\"><div class=\"vc_empty_space\"   style=\"height: 6em\"><span class=\"vc_empty_space_inner\"><\/span><\/div>\n\t<div class=\"wpb_text_column wpb_content_element  vc_custom_1598393564114\" >\n\t\t<div class=\"wpb_wrapper\">\n\t\t\t<h4><strong><span style=\"color: #ffffff;\">Technology<\/span><\/strong><\/h4>\n<p><span style=\"color: #ffffff;\">Our prefer having most modern and updated technologies in our services by following the global market trends.<\/BR><\/BR><\/span><\/p>\n\n\t\t<\/div>\n\t<\/div>\n<div class=\"vc_empty_space\"   style=\"height: 6em\"><span class=\"vc_empty_space_inner\"><\/span><\/div><\/div><\/div><\/div><\/div><div class=\"vc_row wpb_row vc_inner vc_row-fluid\"><div class=\"wpb_column vc_column_container vc_col-sm-6 vc_col-has-fill sc_layouts_column_icons_position_left\"><div class=\"vc_column-inner vc_custom_1598390655142\"><div class=\"wpb_wrapper\"><div class=\"vc_empty_space\"   style=\"height: 6em\"><span class=\"vc_empty_space_inner\"><\/span><\/div>\n\t<div class=\"wpb_text_column wpb_content_element  vc_custom_1598876608377\" >\n\t\t<div class=\"wpb_wrapper\">\n\t\t\t<h4><strong><span style=\"color: #ffffff;\">Our Vision <\/span><\/strong><\/h4>\n<p><span style=\"color: #ffffff;\">We continue to make the difference in our logistics processes as a leader and preferable brand.<\/BR><\/BR><\/span><\/p>\n\n\t\t<\/div>\n\t<\/div>\n<div class=\"vc_empty_space\"   style=\"height: 7.8em\"><span class=\"vc_empty_space_inner\"><\/span><\/div><\/div><\/div><\/div><div class=\"wpb_column vc_column_container vc_col-sm-6 vc_col-has-fill sc_layouts_column_icons_position_left\"><div class=\"vc_column-inner vc_custom_1598390675089\"><div class=\"wpb_wrapper\"><div class=\"vc_empty_space\"   style=\"height: 6em\"><span class=\"vc_empty_space_inner\"><\/span><\/div>\n\t<div class=\"wpb_text_column wpb_content_element  vc_custom_1598393581898\" >\n\t\t<div class=\"wpb_wrapper\">\n\t\t\t<h4><strong><span style=\"color: #ffffff;\">Our Target<\/span><\/strong><\/h4>\n<p><span style=\"color: #ffffff;\">Targeting to provide different services in logistics processes by protecting our own corporate philosopy and principles. <\/BR><\/BR><\/span><\/p>\n\n\t\t<\/div>\n\t<\/div>\n<div class=\"vc_empty_space\"   style=\"height: 7.8em\"><span class=\"vc_empty_space_inner\"><\/span><\/div><\/div><\/div><\/div><\/div><\/div><\/div><\/div><\/div><div class=\"vc_row-full-width vc_clearfix\"><\/div>","protected":false},"excerpt":{"rendered":"Hakk\u0131m\u0131zdaBGH Lojistik2008 y\u0131l\u0131nda kurulan BGH LOJ\u0130ST\u0130K LTD.\u015eT\u0130. kuruldu\u011fu tarihten itibaren s\u00fcrekli b\u00fcy\u00fcme ivmesi g\u00f6stererek faaliyetlerine Uluslararas\u0131 Denizyolu, Karayolu, Express Minivan, A\u011f\u0131r Nakliye ( Gabari) Yurt i\u00e7i Ta\u015f\u0131mac\u0131l\u0131k, Depolama, Mikro Da\u011f\u0131t\u0131m ve Proje bazl\u0131 i\u015fler olarak devam etmektedir. Kaliteli Hizmet Profesyonel Ekip Kap\u0131dan Kap\u0131ya Hizmet Esnek Lojistik Operasyonlar Sunum Dosyam\u0131z DE\u011eERLER\u0130M\u0130Z M\u00fc\u015fteri Odakl\u0131l\u0131k;\u00a0\u201cKazan Kazan\" felsefesine uygun olarak m\u00fc\u015fterinin bug\u00fcnk\u00fc ve gelecekteki&hellip;","protected":false},"author":1,"featured_media":0,"parent":0,"menu_order":9,"comment_status":"closed","ping_status":"closed","template":"","meta":{"footnotes":""},"aioseo_notices":[],"_links":{"self":[{"href":"https:\/\/bghlojistik.com\/en\/wp-json\/wp\/v2\/pages\/19"}],"collection":[{"href":"https:\/\/bghlojistik.com\/en\/wp-json\/wp\/v2\/pages"}],"about":[{"href":"https:\/\/bghlojistik.com\/en\/wp-json\/wp\/v2\/types\/page"}],"author":[{"embeddable":true,"href":"https:\/\/bghlojistik.com\/en\/wp-json\/wp\/v2\/users\/1"}],"replies":[{"embeddable":true,"href":"https:\/\/bghlojistik.com\/en\/wp-json\/wp\/v2\/comments?post=19"}],"version-history":[{"count":0,"href":"https:\/\/bghlojistik.com\/en\/wp-json\/wp\/v2\/pages\/19\/revisions"}],"wp:attachment":[{"href":"https:\/\/bghlojistik.com\/en\/wp-json\/wp\/v2\/media?parent=19"}],"curies":[{"name":"wp","href":"https:\/\/api.w.org\/{rel}","templated":true}]}}